{"id":427,"date":"2023-11-20T13:34:50","date_gmt":"2023-11-20T13:34:50","guid":{"rendered":"https:\/\/physio-briggen.ch\/neu\/?page_id=427"},"modified":"2023-12-28T17:39:56","modified_gmt":"2023-12-28T17:39:56","slug":"bei-ihnen-zu-hause","status":"publish","type":"page","link":"https:\/\/bewegt-physio.ch\/index.php\/bei-ihnen-zu-hause\/","title":{"rendered":"Bei Ihnen zu Hause"},"content":{"rendered":"\t\t<div data-elementor-type=\"wp-page\" data-elementor-id=\"427\" class=\"elementor elementor-427\" data-elementor-post-type=\"page\">\n\t\t\t\t\t\t\t<div class=\"elementor-element elementor-element-dfad80a e-con-full e-flex e-con e-parent\" data-id=\"dfad80a\" data-element_type=\"container\" data-settings=\"{&quot;content_width&quot;:&quot;full&quot;}\" data-core-v316-plus=\"true\">\n\t\t\t\t<div class=\"elementor-element elementor-element-f99cb6d elementor-widget__width-initial elementor-widget elementor-widget-text-editor\" data-id=\"f99cb6d\" data-element_type=\"widget\" data-widget_type=\"text-editor.default\">\n\t\t\t\t<div class=\"elementor-widget-container\">\n\t\t\t<style>\/*! elementor - v3.18.0 - 20-12-2023 *\/\n.elementor-widget-text-editor.elementor-drop-cap-view-stacked .elementor-drop-cap{background-color:#69727d;color:#fff}.elementor-widget-text-editor.elementor-drop-cap-view-framed .elementor-drop-cap{color:#69727d;border:3px solid;background-color:transparent}.elementor-widget-text-editor:not(.elementor-drop-cap-view-default) .elementor-drop-cap{margin-top:8px}.elementor-widget-text-editor:not(.elementor-drop-cap-view-default) .elementor-drop-cap-letter{width:1em;height:1em}.elementor-widget-text-editor .elementor-drop-cap{float:left;text-align:center;line-height:1;font-size:50px}.elementor-widget-text-editor .elementor-drop-cap-letter{display:inline-block}<\/style>\t\t\t\t<h2>Bei Ihnen zu Hause<\/h2>\t\t\t\t\t\t<\/div>\n\t\t\t\t<\/div>\n\t\t\t\t<\/div>\n\t\t<div class=\"elementor-element elementor-element-f48eefb e-flex e-con-boxed e-con e-parent\" data-id=\"f48eefb\" data-element_type=\"container\" data-settings=\"{&quot;content_width&quot;:&quot;boxed&quot;}\" data-core-v316-plus=\"true\">\n\t\t\t\t\t<div class=\"e-con-inner\">\n\t\t<div class=\"elementor-element elementor-element-9192a76 e-con-full e-flex e-con e-child\" data-id=\"9192a76\" data-element_type=\"container\" data-settings=\"{&quot;content_width&quot;:&quot;full&quot;}\">\n\t\t\t\t<div class=\"elementor-element elementor-element-fd57673 elementor-widget elementor-widget-heading\" data-id=\"fd57673\" data-element_type=\"widget\" data-widget_type=\"heading.default\">\n\t\t\t\t<div class=\"elementor-widget-container\">\n\t\t\t<style>\/*! elementor - v3.18.0 - 20-12-2023 *\/\n.elementor-heading-title{padding:0;margin:0;line-height:1}.elementor-widget-heading .elementor-heading-title[class*=elementor-size-]>a{color:inherit;font-size:inherit;line-height:inherit}.elementor-widget-heading .elementor-heading-title.elementor-size-small{font-size:15px}.elementor-widget-heading .elementor-heading-title.elementor-size-medium{font-size:19px}.elementor-widget-heading .elementor-heading-title.elementor-size-large{font-size:29px}.elementor-widget-heading .elementor-heading-title.elementor-size-xl{font-size:39px}.elementor-widget-heading .elementor-heading-title.elementor-size-xxl{font-size:59px}<\/style><h3 class=\"elementor-heading-title elementor-size-default\">Domizilbehandlung <\/h3>\t\t<\/div>\n\t\t\t\t<\/div>\n\t\t\t\t<\/div>\n\t\t<div class=\"elementor-element elementor-element-fa3e2b2 e-con-full e-flex e-con e-child\" data-id=\"fa3e2b2\" data-element_type=\"container\" data-settings=\"{&quot;content_width&quot;:&quot;full&quot;}\">\n\t\t\t\t<div class=\"elementor-element elementor-element-a5a32f4 elementor-widget elementor-widget-text-editor\" data-id=\"a5a32f4\" data-element_type=\"widget\" data-widget_type=\"text-editor.default\">\n\t\t\t\t<div class=\"elementor-widget-container\">\n\t\t\t\t\t\t\t<p>H\u00e4ufig ist die Mobilit\u00e4t nach Operationen oder bei schwerer Krankheit eingeschr\u00e4nkt und der Weg in die Therapie beschwerlich oder einfach nicht m\u00f6glich. In diesen F\u00e4llen kommen wir gerne zu Ihnen nach Hause, und gew\u00e4hrleisten Ihnen auch dort eine gute Therapie.<\/p><p>Sprechen Sie mit Ihrem behandelnden Arzt. Die Domizilbehandlung wird unterst\u00fctzt und verordnet, wenn Sie nicht mehr mobil sind und die Therapie indiziert ist. Die Wegkosten werden dann von der Kasse \u00fcbernommen.<\/p><p>Auch bei Ihnen zu Hause ist eine gute Therapie m\u00f6glich. Die enge Zusammenarbeit mit Angeh\u00f6rigen, dem zust\u00e4ndigen Arzt und der Spitex sind sehr wichtig und f\u00fcr uns selbstverst\u00e4ndlich.<\/p>\t\t\t\t\t\t<\/div>\n\t\t\t\t<\/div>\n\t\t\t\t<\/div>\n\t\t\t\t\t<\/div>\n\t\t\t\t<\/div>\n\t\t<div class=\"elementor-element elementor-element-4c661cf e-flex e-con-boxed e-con e-parent\" data-id=\"4c661cf\" data-element_type=\"container\" data-settings=\"{&quot;content_width&quot;:&quot;boxed&quot;}\" data-core-v316-plus=\"true\">\n\t\t\t\t\t<div class=\"e-con-inner\">\n\t\t\t\t<div class=\"elementor-element elementor-element-42dec29 elementor-widget elementor-widget-spacer\" data-id=\"42dec29\" data-element_type=\"widget\" data-widget_type=\"spacer.default\">\n\t\t\t\t<div class=\"elementor-widget-container\">\n\t\t\t<style>\/*! elementor - v3.18.0 - 20-12-2023 *\/\n.elementor-column .elementor-spacer-inner{height:var(--spacer-size)}.e-con{--container-widget-width:100%}.e-con-inner>.elementor-widget-spacer,.e-con>.elementor-widget-spacer{width:var(--container-widget-width,var(--spacer-size));--align-self:var(--container-widget-align-self,initial);--flex-shrink:0}.e-con-inner>.elementor-widget-spacer>.elementor-widget-container,.e-con>.elementor-widget-spacer>.elementor-widget-container{height:100%;width:100%}.e-con-inner>.elementor-widget-spacer>.elementor-widget-container>.elementor-spacer,.e-con>.elementor-widget-spacer>.elementor-widget-container>.elementor-spacer{height:100%}.e-con-inner>.elementor-widget-spacer>.elementor-widget-container>.elementor-spacer>.elementor-spacer-inner,.e-con>.elementor-widget-spacer>.elementor-widget-container>.elementor-spacer>.elementor-spacer-inner{height:var(--container-widget-height,var(--spacer-size))}.e-con-inner>.elementor-widget-spacer.elementor-widget-empty,.e-con>.elementor-widget-spacer.elementor-widget-empty{position:relative;min-height:22px;min-width:22px}.e-con-inner>.elementor-widget-spacer.elementor-widget-empty .elementor-widget-empty-icon,.e-con>.elementor-widget-spacer.elementor-widget-empty .elementor-widget-empty-icon{position:absolute;top:0;bottom:0;left:0;right:0;margin:auto;padding:0;width:22px;height:22px}<\/style>\t\t<div class=\"elementor-spacer\">\n\t\t\t<div class=\"elementor-spacer-inner\"><\/div>\n\t\t<\/div>\n\t\t\t\t<\/div>\n\t\t\t\t<\/div>\n\t\t\t\t\t<\/div>\n\t\t\t\t<\/div>\n\t\t<div class=\"elementor-element elementor-element-a45d4e5 e-flex e-con-boxed e-con e-parent\" data-id=\"a45d4e5\" data-element_type=\"container\" data-settings=\"{&quot;content_width&quot;:&quot;boxed&quot;}\" data-core-v316-plus=\"true\">\n\t\t\t\t\t<div class=\"e-con-inner\">\n\t\t\t\t<div class=\"elementor-element elementor-element-38484c0 elementor-widget elementor-widget-image\" data-id=\"38484c0\" data-element_type=\"widget\" data-widget_type=\"image.default\">\n\t\t\t\t<div class=\"elementor-widget-container\">\n\t\t\t<style>\/*! elementor - v3.18.0 - 20-12-2023 *\/\n.elementor-widget-image{text-align:center}.elementor-widget-image a{display:inline-block}.elementor-widget-image a img[src$=\".svg\"]{width:48px}.elementor-widget-image img{vertical-align:middle;display:inline-block}<\/style>\t\t\t\t\t\t\t\t\t\t\t\t<img fetchpriority=\"high\" decoding=\"async\" width=\"1024\" height=\"512\" src=\"https:\/\/bewegt-physio.ch\/wp-content\/uploads\/2023\/12\/2023_12_20_bewegt_physio_0008-1024x512.jpg\" class=\"attachment-large size-large wp-image-2355\" alt=\"\" srcset=\"https:\/\/bewegt-physio.ch\/wp-content\/uploads\/2023\/12\/2023_12_20_bewegt_physio_0008-1024x512.jpg 1024w, https:\/\/bewegt-physio.ch\/wp-content\/uploads\/2023\/12\/2023_12_20_bewegt_physio_0008-300x150.jpg 300w, https:\/\/bewegt-physio.ch\/wp-content\/uploads\/2023\/12\/2023_12_20_bewegt_physio_0008-768x384.jpg 768w, https:\/\/bewegt-physio.ch\/wp-content\/uploads\/2023\/12\/2023_12_20_bewegt_physio_0008-1000x500.jpg 1000w, https:\/\/bewegt-physio.ch\/wp-content\/uploads\/2023\/12\/2023_12_20_bewegt_physio_0008-700x350.jpg 700w, https:\/\/bewegt-physio.ch\/wp-content\/uploads\/2023\/12\/2023_12_20_bewegt_physio_0008-1100x550.jpg 1100w, https:\/\/bewegt-physio.ch\/wp-content\/uploads\/2023\/12\/2023_12_20_bewegt_physio_0008-1300x650.jpg 1300w, https:\/\/bewegt-physio.ch\/wp-content\/uploads\/2023\/12\/2023_12_20_bewegt_physio_0008.jpg 1400w\" sizes=\"(max-width: 1024px) 100vw, 1024px\" \/>\t\t\t\t\t\t\t\t\t\t\t\t\t\t\t<\/div>\n\t\t\t\t<\/div>\n\t\t\t\t\t<\/div>\n\t\t\t\t<\/div>\n\t\t<div class=\"elementor-element elementor-element-921c6a8 e-flex e-con-boxed e-con e-parent\" data-id=\"921c6a8\" data-element_type=\"container\" data-settings=\"{&quot;content_width&quot;:&quot;boxed&quot;}\" data-core-v316-plus=\"true\">\n\t\t\t\t\t<div class=\"e-con-inner\">\n\t\t\t\t<div class=\"elementor-element elementor-element-10c9522 elementor-widget elementor-widget-spacer\" data-id=\"10c9522\" data-element_type=\"widget\" data-widget_type=\"spacer.default\">\n\t\t\t\t<div class=\"elementor-widget-container\">\n\t\t\t\t\t<div class=\"elementor-spacer\">\n\t\t\t<div class=\"elementor-spacer-inner\"><\/div>\n\t\t<\/div>\n\t\t\t\t<\/div>\n\t\t\t\t<\/div>\n\t\t\t\t\t<\/div>\n\t\t\t\t<\/div>\n\t\t\t\t\t\t\t<\/div>\n\t\t","protected":false},"excerpt":{"rendered":"<p>Bei Ihnen zu Hause Domizilbehandlung H\u00e4ufig ist die Mobilit\u00e4t nach Operationen oder bei schwerer Krankheit eingeschr\u00e4nkt und der Weg in die Therapie beschwerlich oder einfach nicht m\u00f6glich. In diesen F\u00e4llen kommen wir gerne zu Ihnen nach Hause, und gew\u00e4hrleisten Ihnen auch dort eine gute Therapie&#8230;.<\/p>\n","protected":false},"author":2,"featured_media":0,"parent":0,"menu_order":0,"comment_status":"closed","ping_status":"closed","template":"full_width.php","meta":{"footnotes":""},"class_list":["post-427","page","type-page","status-publish","hentry"],"_links":{"self":[{"href":"https:\/\/bewegt-physio.ch\/index.php\/wp-json\/wp\/v2\/pages\/427","targetHints":{"allow":["GET"]}}],"collection":[{"href":"https:\/\/bewegt-physio.ch\/index.php\/wp-json\/wp\/v2\/pages"}],"about":[{"href":"https:\/\/bewegt-physio.ch\/index.php\/wp-json\/wp\/v2\/types\/page"}],"author":[{"embeddable":true,"href":"https:\/\/bewegt-physio.ch\/index.php\/wp-json\/wp\/v2\/users\/2"}],"replies":[{"embeddable":true,"href":"https:\/\/bewegt-physio.ch\/index.php\/wp-json\/wp\/v2\/comments?post=427"}],"version-history":[{"count":22,"href":"https:\/\/bewegt-physio.ch\/index.php\/wp-json\/wp\/v2\/pages\/427\/revisions"}],"predecessor-version":[{"id":2643,"href":"https:\/\/bewegt-physio.ch\/index.php\/wp-json\/wp\/v2\/pages\/427\/revisions\/2643"}],"wp:attachment":[{"href":"https:\/\/bewegt-physio.ch\/index.php\/wp-json\/wp\/v2\/media?parent=427"}],"curies":[{"name":"wp","href":"https:\/\/api.w.org\/{rel}","templated":true}]}}