{"id":417,"date":"2023-11-20T13:32:02","date_gmt":"2023-11-20T13:32:02","guid":{"rendered":"https:\/\/physio-briggen.ch\/neu\/?page_id=417"},"modified":"2024-01-05T19:31:08","modified_gmt":"2024-01-05T19:31:08","slug":"kraft-eisenhorn","status":"publish","type":"page","link":"https:\/\/bewegt-physio.ch\/index.php\/kraft-eisenhorn\/","title":{"rendered":"Kraft \u00abEisenhorn\u00bb"},"content":{"rendered":"\t\t<div data-elementor-type=\"wp-page\" data-elementor-id=\"417\" class=\"elementor elementor-417\" data-elementor-post-type=\"page\">\n\t\t\t\t\t\t\t<div class=\"elementor-element elementor-element-542b860 e-flex e-con-boxed e-con e-parent\" data-id=\"542b860\" data-element_type=\"container\" data-settings=\"{&quot;content_width&quot;:&quot;boxed&quot;}\" data-core-v316-plus=\"true\">\n\t\t\t\t\t<div class=\"e-con-inner\">\n\t\t\t\t<div class=\"elementor-element elementor-element-9c56c0a elementor-widget__width-initial elementor-widget elementor-widget-text-editor\" data-id=\"9c56c0a\" data-element_type=\"widget\" data-widget_type=\"text-editor.default\">\n\t\t\t\t<div class=\"elementor-widget-container\">\n\t\t\t<style>\/*! elementor - v3.18.0 - 20-12-2023 *\/\n.elementor-widget-text-editor.elementor-drop-cap-view-stacked .elementor-drop-cap{background-color:#69727d;color:#fff}.elementor-widget-text-editor.elementor-drop-cap-view-framed .elementor-drop-cap{color:#69727d;border:3px solid;background-color:transparent}.elementor-widget-text-editor:not(.elementor-drop-cap-view-default) .elementor-drop-cap{margin-top:8px}.elementor-widget-text-editor:not(.elementor-drop-cap-view-default) .elementor-drop-cap-letter{width:1em;height:1em}.elementor-widget-text-editor .elementor-drop-cap{float:left;text-align:center;line-height:1;font-size:50px}.elementor-widget-text-editor .elementor-drop-cap-letter{display:inline-block}<\/style>\t\t\t\t<h2>Kraft \u00abEisenhorn\u00bb<\/h2>\t\t\t\t\t\t<\/div>\n\t\t\t\t<\/div>\n\t\t\t\t\t<\/div>\n\t\t\t\t<\/div>\n\t\t<div class=\"elementor-element elementor-element-4b2beb4 e-flex e-con-boxed e-con e-parent\" data-id=\"4b2beb4\" data-element_type=\"container\" data-settings=\"{&quot;content_width&quot;:&quot;boxed&quot;}\" data-core-v316-plus=\"true\">\n\t\t\t\t\t<div class=\"e-con-inner\">\n\t\t<div class=\"elementor-element elementor-element-fffd3d8 e-con-full e-flex e-con e-child\" data-id=\"fffd3d8\" data-element_type=\"container\" data-settings=\"{&quot;content_width&quot;:&quot;full&quot;}\">\n\t\t\t\t<div class=\"elementor-element elementor-element-1108d94 elementor-widget elementor-widget-heading\" data-id=\"1108d94\" data-element_type=\"widget\" data-widget_type=\"heading.default\">\n\t\t\t\t<div class=\"elementor-widget-container\">\n\t\t\t<style>\/*! elementor - v3.18.0 - 20-12-2023 *\/\n.elementor-heading-title{padding:0;margin:0;line-height:1}.elementor-widget-heading .elementor-heading-title[class*=elementor-size-]>a{color:inherit;font-size:inherit;line-height:inherit}.elementor-widget-heading .elementor-heading-title.elementor-size-small{font-size:15px}.elementor-widget-heading .elementor-heading-title.elementor-size-medium{font-size:19px}.elementor-widget-heading .elementor-heading-title.elementor-size-large{font-size:29px}.elementor-widget-heading .elementor-heading-title.elementor-size-xl{font-size:39px}.elementor-widget-heading .elementor-heading-title.elementor-size-xxl{font-size:59px}<\/style><h3 class=\"elementor-heading-title elementor-size-default\">Revolution\u00e4res Trainingsger\u00e4t \u2013 Eisenhorn<\/h3>\t\t<\/div>\n\t\t\t\t<\/div>\n\t\t\t\t<\/div>\n\t\t<div class=\"elementor-element elementor-element-0d8f89c e-con-full e-flex e-con e-child\" data-id=\"0d8f89c\" data-element_type=\"container\" data-settings=\"{&quot;content_width&quot;:&quot;full&quot;}\">\n\t\t\t\t<div class=\"elementor-element elementor-element-80c5133 elementor-widget elementor-widget-text-editor\" data-id=\"80c5133\" data-element_type=\"widget\" data-widget_type=\"text-editor.default\">\n\t\t\t\t<div class=\"elementor-widget-container\">\n\t\t\t\t\t\t\t<p>Das vermutlich einzige Ger\u00e4t, mit welchem man die \u00dcbungen eines ganzen Fitnessstudio auf zwei Quadratmetern Bodenfl\u00e4che ausf\u00fchren kann.<\/p><p>Der\u00a0<a href=\"https:\/\/eisenhorn.com\/mike5-konzept\/\" target=\"_blank\" rel=\"noopener\">MIKEPLAN<\/a> garantiert Ihnen maximale Wirkung bei minimalem Zeitaufwand. Massive Kraftzunahme, straffe Muskeln, weniger K\u00f6rperfett und ein starker R\u00fccken.<\/p><p><b>M<\/b> otivierend<br \/><b>I<\/b> ntensiv<br \/><b>K<\/b> urz<br \/><b>E<\/b> ffizient<\/p>\t\t\t\t\t\t<\/div>\n\t\t\t\t<\/div>\n\t\t\t\t<\/div>\n\t\t\t\t\t<\/div>\n\t\t\t\t<\/div>\n\t\t<div class=\"elementor-element elementor-element-d9be37d e-flex e-con-boxed e-con e-parent\" data-id=\"d9be37d\" data-element_type=\"container\" data-settings=\"{&quot;content_width&quot;:&quot;boxed&quot;}\" data-core-v316-plus=\"true\">\n\t\t\t\t\t<div class=\"e-con-inner\">\n\t\t<div class=\"elementor-element elementor-element-bcd814b e-con-full e-flex e-con e-child\" data-id=\"bcd814b\" data-element_type=\"container\" data-settings=\"{&quot;content_width&quot;:&quot;full&quot;}\">\n\t\t\t\t<div class=\"elementor-element elementor-element-086751b elementor-widget__width-initial elementor-widget elementor-widget-image\" data-id=\"086751b\" data-element_type=\"widget\" data-widget_type=\"image.default\">\n\t\t\t\t<div class=\"elementor-widget-container\">\n\t\t\t<style>\/*! elementor - v3.18.0 - 20-12-2023 *\/\n.elementor-widget-image{text-align:center}.elementor-widget-image a{display:inline-block}.elementor-widget-image a img[src$=\".svg\"]{width:48px}.elementor-widget-image img{vertical-align:middle;display:inline-block}<\/style>\t\t\t\t\t\t\t\t\t\t\t\t<img fetchpriority=\"high\" decoding=\"async\" width=\"1024\" height=\"512\" src=\"https:\/\/bewegt-physio.ch\/wp-content\/uploads\/2023\/12\/2023_12_20_bewegt_physio_0035-1024x512.jpg\" class=\"attachment-large size-large wp-image-2364\" alt=\"\" srcset=\"https:\/\/bewegt-physio.ch\/wp-content\/uploads\/2023\/12\/2023_12_20_bewegt_physio_0035-1024x512.jpg 1024w, https:\/\/bewegt-physio.ch\/wp-content\/uploads\/2023\/12\/2023_12_20_bewegt_physio_0035-300x150.jpg 300w, https:\/\/bewegt-physio.ch\/wp-content\/uploads\/2023\/12\/2023_12_20_bewegt_physio_0035-768x384.jpg 768w, https:\/\/bewegt-physio.ch\/wp-content\/uploads\/2023\/12\/2023_12_20_bewegt_physio_0035-1000x500.jpg 1000w, https:\/\/bewegt-physio.ch\/wp-content\/uploads\/2023\/12\/2023_12_20_bewegt_physio_0035-700x350.jpg 700w, https:\/\/bewegt-physio.ch\/wp-content\/uploads\/2023\/12\/2023_12_20_bewegt_physio_0035-1100x550.jpg 1100w, https:\/\/bewegt-physio.ch\/wp-content\/uploads\/2023\/12\/2023_12_20_bewegt_physio_0035-1300x650.jpg 1300w, https:\/\/bewegt-physio.ch\/wp-content\/uploads\/2023\/12\/2023_12_20_bewegt_physio_0035.jpg 1400w\" sizes=\"(max-width: 1024px) 100vw, 1024px\" \/>\t\t\t\t\t\t\t\t\t\t\t\t\t\t\t<\/div>\n\t\t\t\t<\/div>\n\t\t\t\t<\/div>\n\t\t<div class=\"elementor-element elementor-element-f10f112 e-con-full e-flex e-con e-child\" data-id=\"f10f112\" data-element_type=\"container\" data-settings=\"{&quot;content_width&quot;:&quot;full&quot;}\">\n\t\t\t\t<div class=\"elementor-element elementor-element-d2e2e76 elementor-widget__width-initial elementor-widget elementor-widget-text-editor\" data-id=\"d2e2e76\" data-element_type=\"widget\" data-widget_type=\"text-editor.default\">\n\t\t\t\t<div class=\"elementor-widget-container\">\n\t\t\t\t\t\t\t<p>\u00abHinter EISENHORN und\u00a0MIKEPLAN\u00a0steckt eine 30-j\u00e4hrige spannende <a href=\"https:\/\/eisenhorn.com\/geschichte\/\">Geschichte<\/a>. Ich w\u00fcnsche viel Spass beim Lesen\u00bb.<\/p>\t\t\t\t\t\t<\/div>\n\t\t\t\t<\/div>\n\t\t\t\t<\/div>\n\t\t\t\t\t<\/div>\n\t\t\t\t<\/div>\n\t\t<div class=\"elementor-element elementor-element-bfb56ea e-flex e-con-boxed e-con e-parent\" data-id=\"bfb56ea\" data-element_type=\"container\" data-settings=\"{&quot;content_width&quot;:&quot;boxed&quot;}\" data-core-v316-plus=\"true\">\n\t\t\t\t\t<div class=\"e-con-inner\">\n\t\t\t\t<div class=\"elementor-element elementor-element-a3f98df elementor-widget elementor-widget-spacer\" data-id=\"a3f98df\" data-element_type=\"widget\" data-widget_type=\"spacer.default\">\n\t\t\t\t<div class=\"elementor-widget-container\">\n\t\t\t<style>\/*! elementor - v3.18.0 - 20-12-2023 *\/\n.elementor-column .elementor-spacer-inner{height:var(--spacer-size)}.e-con{--container-widget-width:100%}.e-con-inner>.elementor-widget-spacer,.e-con>.elementor-widget-spacer{width:var(--container-widget-width,var(--spacer-size));--align-self:var(--container-widget-align-self,initial);--flex-shrink:0}.e-con-inner>.elementor-widget-spacer>.elementor-widget-container,.e-con>.elementor-widget-spacer>.elementor-widget-container{height:100%;width:100%}.e-con-inner>.elementor-widget-spacer>.elementor-widget-container>.elementor-spacer,.e-con>.elementor-widget-spacer>.elementor-widget-container>.elementor-spacer{height:100%}.e-con-inner>.elementor-widget-spacer>.elementor-widget-container>.elementor-spacer>.elementor-spacer-inner,.e-con>.elementor-widget-spacer>.elementor-widget-container>.elementor-spacer>.elementor-spacer-inner{height:var(--container-widget-height,var(--spacer-size))}.e-con-inner>.elementor-widget-spacer.elementor-widget-empty,.e-con>.elementor-widget-spacer.elementor-widget-empty{position:relative;min-height:22px;min-width:22px}.e-con-inner>.elementor-widget-spacer.elementor-widget-empty .elementor-widget-empty-icon,.e-con>.elementor-widget-spacer.elementor-widget-empty .elementor-widget-empty-icon{position:absolute;top:0;bottom:0;left:0;right:0;margin:auto;padding:0;width:22px;height:22px}<\/style>\t\t<div class=\"elementor-spacer\">\n\t\t\t<div class=\"elementor-spacer-inner\"><\/div>\n\t\t<\/div>\n\t\t\t\t<\/div>\n\t\t\t\t<\/div>\n\t\t\t\t\t<\/div>\n\t\t\t\t<\/div>\n\t\t\t\t\t\t\t<\/div>\n\t\t","protected":false},"excerpt":{"rendered":"<p>Kraft \u00abEisenhorn\u00bb Revolution\u00e4res Trainingsger\u00e4t \u2013 Eisenhorn Das vermutlich einzige Ger\u00e4t, mit welchem man die \u00dcbungen eines ganzen Fitnessstudio auf zwei Quadratmetern Bodenfl\u00e4che ausf\u00fchren kann. Der\u00a0MIKEPLAN garantiert Ihnen maximale Wirkung bei minimalem Zeitaufwand. Massive Kraftzunahme, straffe Muskeln, weniger K\u00f6rperfett und ein starker R\u00fccken. M otivierendI ntensivK&#8230;<\/p>\n","protected":false},"author":2,"featured_media":0,"parent":0,"menu_order":0,"comment_status":"closed","ping_status":"closed","template":"full_width.php","meta":{"footnotes":""},"class_list":["post-417","page","type-page","status-publish","hentry"],"_links":{"self":[{"href":"https:\/\/bewegt-physio.ch\/index.php\/wp-json\/wp\/v2\/pages\/417","targetHints":{"allow":["GET"]}}],"collection":[{"href":"https:\/\/bewegt-physio.ch\/index.php\/wp-json\/wp\/v2\/pages"}],"about":[{"href":"https:\/\/bewegt-physio.ch\/index.php\/wp-json\/wp\/v2\/types\/page"}],"author":[{"embeddable":true,"href":"https:\/\/bewegt-physio.ch\/index.php\/wp-json\/wp\/v2\/users\/2"}],"replies":[{"embeddable":true,"href":"https:\/\/bewegt-physio.ch\/index.php\/wp-json\/wp\/v2\/comments?post=417"}],"version-history":[{"count":43,"href":"https:\/\/bewegt-physio.ch\/index.php\/wp-json\/wp\/v2\/pages\/417\/revisions"}],"predecessor-version":[{"id":2687,"href":"https:\/\/bewegt-physio.ch\/index.php\/wp-json\/wp\/v2\/pages\/417\/revisions\/2687"}],"wp:attachment":[{"href":"https:\/\/bewegt-physio.ch\/index.php\/wp-json\/wp\/v2\/media?parent=417"}],"curies":[{"name":"wp","href":"https:\/\/api.w.org\/{rel}","templated":true}]}}