{"id":2193,"date":"2023-12-14T10:37:29","date_gmt":"2023-12-14T10:37:29","guid":{"rendered":"https:\/\/physio-briggen.ch\/neu\/?page_id=2193"},"modified":"2023-12-14T10:55:28","modified_gmt":"2023-12-14T10:55:28","slug":"esther-maegli","status":"publish","type":"page","link":"https:\/\/bewegt-physio.ch\/index.php\/esther-maegli\/","title":{"rendered":"Esther M\u00e4gli"},"content":{"rendered":"\t\t<div data-elementor-type=\"wp-page\" data-elementor-id=\"2193\" class=\"elementor elementor-2193\" data-elementor-post-type=\"page\">\n\t\t\t\t\t\t\t<div class=\"elementor-element elementor-element-f98b3d9 e-flex e-con-boxed e-con e-parent\" data-id=\"f98b3d9\" data-element_type=\"container\" data-settings=\"{&quot;content_width&quot;:&quot;boxed&quot;}\" data-core-v316-plus=\"true\">\n\t\t\t\t\t<div class=\"e-con-inner\">\n\t\t\t\t<div class=\"elementor-element elementor-element-e73833b elementor-widget elementor-widget-spacer\" data-id=\"e73833b\" data-element_type=\"widget\" data-widget_type=\"spacer.default\">\n\t\t\t\t<div class=\"elementor-widget-container\">\n\t\t\t<style>\/*! elementor - v3.18.0 - 20-12-2023 *\/\n.elementor-column .elementor-spacer-inner{height:var(--spacer-size)}.e-con{--container-widget-width:100%}.e-con-inner>.elementor-widget-spacer,.e-con>.elementor-widget-spacer{width:var(--container-widget-width,var(--spacer-size));--align-self:var(--container-widget-align-self,initial);--flex-shrink:0}.e-con-inner>.elementor-widget-spacer>.elementor-widget-container,.e-con>.elementor-widget-spacer>.elementor-widget-container{height:100%;width:100%}.e-con-inner>.elementor-widget-spacer>.elementor-widget-container>.elementor-spacer,.e-con>.elementor-widget-spacer>.elementor-widget-container>.elementor-spacer{height:100%}.e-con-inner>.elementor-widget-spacer>.elementor-widget-container>.elementor-spacer>.elementor-spacer-inner,.e-con>.elementor-widget-spacer>.elementor-widget-container>.elementor-spacer>.elementor-spacer-inner{height:var(--container-widget-height,var(--spacer-size))}.e-con-inner>.elementor-widget-spacer.elementor-widget-empty,.e-con>.elementor-widget-spacer.elementor-widget-empty{position:relative;min-height:22px;min-width:22px}.e-con-inner>.elementor-widget-spacer.elementor-widget-empty .elementor-widget-empty-icon,.e-con>.elementor-widget-spacer.elementor-widget-empty .elementor-widget-empty-icon{position:absolute;top:0;bottom:0;left:0;right:0;margin:auto;padding:0;width:22px;height:22px}<\/style>\t\t<div class=\"elementor-spacer\">\n\t\t\t<div class=\"elementor-spacer-inner\"><\/div>\n\t\t<\/div>\n\t\t\t\t<\/div>\n\t\t\t\t<\/div>\n\t\t\t\t\t<\/div>\n\t\t\t\t<\/div>\n\t\t<div class=\"elementor-element elementor-element-f47099d e-flex e-con-boxed e-con e-parent\" data-id=\"f47099d\" data-element_type=\"container\" data-settings=\"{&quot;content_width&quot;:&quot;boxed&quot;}\" data-core-v316-plus=\"true\">\n\t\t\t\t\t<div class=\"e-con-inner\">\n\t\t<div class=\"elementor-element elementor-element-afc10a3 e-con-full e-flex e-con e-child\" data-id=\"afc10a3\" data-element_type=\"container\" data-settings=\"{&quot;content_width&quot;:&quot;full&quot;}\">\n\t\t\t\t<div class=\"elementor-element elementor-element-2f083ce elementor-widget elementor-widget-heading\" data-id=\"2f083ce\" data-element_type=\"widget\" data-widget_type=\"heading.default\">\n\t\t\t\t<div class=\"elementor-widget-container\">\n\t\t\t<style>\/*! elementor - v3.18.0 - 20-12-2023 *\/\n.elementor-heading-title{padding:0;margin:0;line-height:1}.elementor-widget-heading .elementor-heading-title[class*=elementor-size-]>a{color:inherit;font-size:inherit;line-height:inherit}.elementor-widget-heading .elementor-heading-title.elementor-size-small{font-size:15px}.elementor-widget-heading .elementor-heading-title.elementor-size-medium{font-size:19px}.elementor-widget-heading .elementor-heading-title.elementor-size-large{font-size:29px}.elementor-widget-heading .elementor-heading-title.elementor-size-xl{font-size:39px}.elementor-widget-heading .elementor-heading-title.elementor-size-xxl{font-size:59px}<\/style><h5 class=\"elementor-heading-title elementor-size-default\">\u00dcber Esther M\u00e4gli\n<\/h5>\t\t<\/div>\n\t\t\t\t<\/div>\n\t\t\t\t<\/div>\n\t\t<div class=\"elementor-element elementor-element-a52c69b e-con-full e-flex e-con e-child\" data-id=\"a52c69b\" data-element_type=\"container\" data-settings=\"{&quot;content_width&quot;:&quot;full&quot;}\">\n\t\t\t\t<div class=\"elementor-element elementor-element-03a27b3 elementor-widget elementor-widget-text-editor\" data-id=\"03a27b3\" data-element_type=\"widget\" data-widget_type=\"text-editor.default\">\n\t\t\t\t<div class=\"elementor-widget-container\">\n\t\t\t<style>\/*! elementor - v3.18.0 - 20-12-2023 *\/\n.elementor-widget-text-editor.elementor-drop-cap-view-stacked .elementor-drop-cap{background-color:#69727d;color:#fff}.elementor-widget-text-editor.elementor-drop-cap-view-framed .elementor-drop-cap{color:#69727d;border:3px solid;background-color:transparent}.elementor-widget-text-editor:not(.elementor-drop-cap-view-default) .elementor-drop-cap{margin-top:8px}.elementor-widget-text-editor:not(.elementor-drop-cap-view-default) .elementor-drop-cap-letter{width:1em;height:1em}.elementor-widget-text-editor .elementor-drop-cap{float:left;text-align:center;line-height:1;font-size:50px}.elementor-widget-text-editor .elementor-drop-cap-letter{display:inline-block}<\/style>\t\t\t\t<p>Aufgewachsen bin ich im Glarnerland und absolvierte nach der Diplommittelschule und einem Welschlandjahr meine vierj\u00e4hrige Ausbildung zur Physiotherapeutin in Schaffhausen.<\/p><p>\u00a0<\/p><p>Da meine Eltern in dieser Zeit wieder ins Bernbiet zur\u00fcckzogen und ich den Kontakt zum Glarnerland in der Zwischenzeit etwas verloren hatte, begann ich meine erste Anstellung als Physiotherapeutin in einer Praxis in Heimberg. Nach ersten beruflichen Erfahrungen in meinem Beruf wechselte ich ins Rehazentrum Sch\u00f6nberg in Gunten, wo ich noch Praktikannten in der Physioausbildung der BFH Bern begleiten durfte, bis ich eine Babypause einlegen musste.<br \/>2013 hatte ich das Privileg neben meinem Familienalltag in der Physiotherapie physio briggen wieder mit einem Teilpensum in meinem geliebten Beruf einsteigen zu k\u00f6nnen.<\/p><p>\u00a0<\/p><p>Als Mutter von drei Kindern gibt mir meine Arbeit als Physiotherapeutin eine wertvolle Abwechslung zu meinem Familienalltag. Der Patient als ein ganzheitliches Wunderwerk zu sehen und ihm im Bereich des Bewegungsapparates zu helfen, fasziniert mich immer wieder von Neuem.<\/p><p><br \/>Nach meinen Weiterbildungen in der <a href=\"https:\/\/bewegt-physio.ch\/index.php\/physiotherapie\/\">manuellen Therapie<\/a> machte ich pers\u00f6nliche Erfahrungen mit der <a href=\"https:\/\/bewegt-physio.ch\/index.php\/boeger-therapie\/\" data-type=\"page\" data-id=\"265\">Boeger\u00ae-Therapie<\/a> und es \u00f6ffnete mir neue Horizonte und M\u00f6glichkeiten in der Behandlung meiner Patienten. <br \/>Momentan bin ich in der Weiterbildung zu Boeger\u00ae-Therapeutin.<\/p><p>\u00a0<\/p><p>In meiner Freizeit bin ich sehr gerne zu Fuss, mit dem Velo, auf der Ski- oder Langlaufpiste in der Natur unterwegs oder geniesse es ein Buch zu lesen, sowie mich auf verschiedene Art und Weise kreativ zu besch\u00e4ftigen.<\/p>\t\t\t\t\t\t<\/div>\n\t\t\t\t<\/div>\n\t\t\t\t<\/div>\n\t\t\t\t\t<\/div>\n\t\t\t\t<\/div>\n\t\t<div class=\"elementor-element elementor-element-d18a266 e-flex e-con-boxed e-con e-parent\" data-id=\"d18a266\" data-element_type=\"container\" data-settings=\"{&quot;content_width&quot;:&quot;boxed&quot;}\" data-core-v316-plus=\"true\">\n\t\t\t\t\t<div class=\"e-con-inner\">\n\t\t\t\t<div class=\"elementor-element elementor-element-7cf5ca4 elementor-widget elementor-widget-spacer\" data-id=\"7cf5ca4\" data-element_type=\"widget\" data-widget_type=\"spacer.default\">\n\t\t\t\t<div class=\"elementor-widget-container\">\n\t\t\t\t\t<div class=\"elementor-spacer\">\n\t\t\t<div class=\"elementor-spacer-inner\"><\/div>\n\t\t<\/div>\n\t\t\t\t<\/div>\n\t\t\t\t<\/div>\n\t\t\t\t\t<\/div>\n\t\t\t\t<\/div>\n\t\t\t\t\t\t\t<\/div>\n\t\t","protected":false},"excerpt":{"rendered":"<p>\u00dcber Esther M\u00e4gli Aufgewachsen bin ich im Glarnerland und absolvierte nach der Diplommittelschule und einem Welschlandjahr meine vierj\u00e4hrige Ausbildung zur Physiotherapeutin in Schaffhausen. \u00a0 Da meine Eltern in dieser Zeit wieder ins Bernbiet zur\u00fcckzogen und ich den Kontakt zum Glarnerland in der Zwischenzeit etwas verloren&#8230;<\/p>\n","protected":false},"author":2,"featured_media":0,"parent":0,"menu_order":0,"comment_status":"closed","ping_status":"closed","template":"full_width.php","meta":{"footnotes":""},"class_list":["post-2193","page","type-page","status-publish","hentry"],"_links":{"self":[{"href":"https:\/\/bewegt-physio.ch\/index.php\/wp-json\/wp\/v2\/pages\/2193","targetHints":{"allow":["GET"]}}],"collection":[{"href":"https:\/\/bewegt-physio.ch\/index.php\/wp-json\/wp\/v2\/pages"}],"about":[{"href":"https:\/\/bewegt-physio.ch\/index.php\/wp-json\/wp\/v2\/types\/page"}],"author":[{"embeddable":true,"href":"https:\/\/bewegt-physio.ch\/index.php\/wp-json\/wp\/v2\/users\/2"}],"replies":[{"embeddable":true,"href":"https:\/\/bewegt-physio.ch\/index.php\/wp-json\/wp\/v2\/comments?post=2193"}],"version-history":[{"count":13,"href":"https:\/\/bewegt-physio.ch\/index.php\/wp-json\/wp\/v2\/pages\/2193\/revisions"}],"predecessor-version":[{"id":2238,"href":"https:\/\/bewegt-physio.ch\/index.php\/wp-json\/wp\/v2\/pages\/2193\/revisions\/2238"}],"wp:attachment":[{"href":"https:\/\/bewegt-physio.ch\/index.php\/wp-json\/wp\/v2\/media?parent=2193"}],"curies":[{"name":"wp","href":"https:\/\/api.w.org\/{rel}","templated":true}]}}