{"id":2191,"date":"2023-12-14T10:36:21","date_gmt":"2023-12-14T10:36:21","guid":{"rendered":"https:\/\/physio-briggen.ch\/neu\/?page_id=2191"},"modified":"2023-12-28T17:44:40","modified_gmt":"2023-12-28T17:44:40","slug":"karin-briggen","status":"publish","type":"page","link":"https:\/\/bewegt-physio.ch\/index.php\/karin-briggen\/","title":{"rendered":"Karin Briggen"},"content":{"rendered":"\t\t<div data-elementor-type=\"wp-page\" data-elementor-id=\"2191\" class=\"elementor elementor-2191\" data-elementor-post-type=\"page\">\n\t\t\t\t\t\t\t<div class=\"elementor-element elementor-element-42a228e e-flex e-con-boxed e-con e-parent\" data-id=\"42a228e\" data-element_type=\"container\" data-settings=\"{&quot;content_width&quot;:&quot;boxed&quot;}\" data-core-v316-plus=\"true\">\n\t\t\t\t\t<div class=\"e-con-inner\">\n\t\t\t\t<div class=\"elementor-element elementor-element-af5502e elementor-widget elementor-widget-spacer\" data-id=\"af5502e\" data-element_type=\"widget\" data-widget_type=\"spacer.default\">\n\t\t\t\t<div class=\"elementor-widget-container\">\n\t\t\t<style>\/*! elementor - v3.18.0 - 20-12-2023 *\/\n.elementor-column .elementor-spacer-inner{height:var(--spacer-size)}.e-con{--container-widget-width:100%}.e-con-inner>.elementor-widget-spacer,.e-con>.elementor-widget-spacer{width:var(--container-widget-width,var(--spacer-size));--align-self:var(--container-widget-align-self,initial);--flex-shrink:0}.e-con-inner>.elementor-widget-spacer>.elementor-widget-container,.e-con>.elementor-widget-spacer>.elementor-widget-container{height:100%;width:100%}.e-con-inner>.elementor-widget-spacer>.elementor-widget-container>.elementor-spacer,.e-con>.elementor-widget-spacer>.elementor-widget-container>.elementor-spacer{height:100%}.e-con-inner>.elementor-widget-spacer>.elementor-widget-container>.elementor-spacer>.elementor-spacer-inner,.e-con>.elementor-widget-spacer>.elementor-widget-container>.elementor-spacer>.elementor-spacer-inner{height:var(--container-widget-height,var(--spacer-size))}.e-con-inner>.elementor-widget-spacer.elementor-widget-empty,.e-con>.elementor-widget-spacer.elementor-widget-empty{position:relative;min-height:22px;min-width:22px}.e-con-inner>.elementor-widget-spacer.elementor-widget-empty .elementor-widget-empty-icon,.e-con>.elementor-widget-spacer.elementor-widget-empty .elementor-widget-empty-icon{position:absolute;top:0;bottom:0;left:0;right:0;margin:auto;padding:0;width:22px;height:22px}<\/style>\t\t<div class=\"elementor-spacer\">\n\t\t\t<div class=\"elementor-spacer-inner\"><\/div>\n\t\t<\/div>\n\t\t\t\t<\/div>\n\t\t\t\t<\/div>\n\t\t\t\t\t<\/div>\n\t\t\t\t<\/div>\n\t\t<div class=\"elementor-element elementor-element-69e2205 e-flex e-con-boxed e-con e-parent\" data-id=\"69e2205\" data-element_type=\"container\" data-settings=\"{&quot;content_width&quot;:&quot;boxed&quot;}\" data-core-v316-plus=\"true\">\n\t\t\t\t\t<div class=\"e-con-inner\">\n\t\t<div class=\"elementor-element elementor-element-8c35c8e e-con-full e-flex e-con e-child\" data-id=\"8c35c8e\" data-element_type=\"container\" data-settings=\"{&quot;content_width&quot;:&quot;full&quot;}\">\n\t\t\t\t<div class=\"elementor-element elementor-element-0affbfe elementor-widget elementor-widget-heading\" data-id=\"0affbfe\" data-element_type=\"widget\" data-widget_type=\"heading.default\">\n\t\t\t\t<div class=\"elementor-widget-container\">\n\t\t\t<style>\/*! elementor - v3.18.0 - 20-12-2023 *\/\n.elementor-heading-title{padding:0;margin:0;line-height:1}.elementor-widget-heading .elementor-heading-title[class*=elementor-size-]>a{color:inherit;font-size:inherit;line-height:inherit}.elementor-widget-heading .elementor-heading-title.elementor-size-small{font-size:15px}.elementor-widget-heading .elementor-heading-title.elementor-size-medium{font-size:19px}.elementor-widget-heading .elementor-heading-title.elementor-size-large{font-size:29px}.elementor-widget-heading .elementor-heading-title.elementor-size-xl{font-size:39px}.elementor-widget-heading .elementor-heading-title.elementor-size-xxl{font-size:59px}<\/style><h5 class=\"elementor-heading-title elementor-size-default\">\u00dcber Karin Briggen\n<\/h5>\t\t<\/div>\n\t\t\t\t<\/div>\n\t\t\t\t<\/div>\n\t\t<div class=\"elementor-element elementor-element-2efd440 e-con-full e-flex e-con e-child\" data-id=\"2efd440\" data-element_type=\"container\" data-settings=\"{&quot;content_width&quot;:&quot;full&quot;}\">\n\t\t\t\t<div class=\"elementor-element elementor-element-0c4deca elementor-widget elementor-widget-text-editor\" data-id=\"0c4deca\" data-element_type=\"widget\" data-widget_type=\"text-editor.default\">\n\t\t\t\t<div class=\"elementor-widget-container\">\n\t\t\t<style>\/*! elementor - v3.18.0 - 20-12-2023 *\/\n.elementor-widget-text-editor.elementor-drop-cap-view-stacked .elementor-drop-cap{background-color:#69727d;color:#fff}.elementor-widget-text-editor.elementor-drop-cap-view-framed .elementor-drop-cap{color:#69727d;border:3px solid;background-color:transparent}.elementor-widget-text-editor:not(.elementor-drop-cap-view-default) .elementor-drop-cap{margin-top:8px}.elementor-widget-text-editor:not(.elementor-drop-cap-view-default) .elementor-drop-cap-letter{width:1em;height:1em}.elementor-widget-text-editor .elementor-drop-cap{float:left;text-align:center;line-height:1;font-size:50px}.elementor-widget-text-editor .elementor-drop-cap-letter{display:inline-block}<\/style>\t\t\t\t<p>Die abgeschlossene G\u00e4rtnerausbildung war Grundlage f\u00fcr meinen weiteren Werdegang. W\u00e4hrend meiner Zeit im Engadin arbeitete ich im Sommer als G\u00e4rtnerin und im Winter als Langlauflehrerin.<\/p><p>Das Langlauftraining f\u00fcr Wettk\u00e4mpfe machte mir grosse Freude. In der Ausbildung zur Diplomierten Physiotherapeutin lernte ich die Wunderwelt des K\u00f6rpers kennen.<br \/>Nach 17 Jahren Berufserfahrung wagte ich im Januar 2011 den Schritt in die Selbst\u00e4ndigkeit als physio briggen. Im Januar 2023 wandelte ich die Einzelfirma in die beWEGt physio GmbH um.<\/p><p>Spiraldynamik \u00abIntelligent Movement\u00bb \u2013 In der Weiterbildung erkannte ich zus\u00e4tzlich Zusammenh\u00e4nge der funktionellen Anatomie. Es begeistert mich zu sehen, wie wunderbar der Bauplan des Menschen von Kopf bis Fuss ist.<\/p><p>Die Wirkung der <a href=\"https:\/\/bewegt-physio.ch\/index.php\/boeger-therapie\/\">Boeger\u00ae-Therapie<\/a> an mir selbst zu erfahren hat mich \u00fcberzeugt, die Ausbildung zur diplomierten Boegertherapeutin zu absolvieren. Diese Sichtweise ist ein Paradigmawechsel in der Behandlung und in meinem Therapiealltag nicht mehr wegzudenken.<\/p><p>In meiner Freizeit bin ich gerne in der Natur beim Langlaufen, auf Skitouren, beim Joggen, Wandern oder Biken.<\/p><p>Mit JOY, meinem Wohnmobil unterwegs zu sein, sind Oasenzeiten zum Auftanken. Mehr und mehr entdecke ich die Stille, die Ruhezeiten und das SEIN.<\/p>\t\t\t\t\t\t<\/div>\n\t\t\t\t<\/div>\n\t\t\t\t<\/div>\n\t\t\t\t\t<\/div>\n\t\t\t\t<\/div>\n\t\t<div class=\"elementor-element elementor-element-c75a3e9 e-flex e-con-boxed e-con e-parent\" data-id=\"c75a3e9\" data-element_type=\"container\" data-settings=\"{&quot;content_width&quot;:&quot;boxed&quot;}\" data-core-v316-plus=\"true\">\n\t\t\t\t\t<div class=\"e-con-inner\">\n\t\t\t\t<div class=\"elementor-element elementor-element-21ef72b elementor-widget elementor-widget-spacer\" data-id=\"21ef72b\" data-element_type=\"widget\" data-widget_type=\"spacer.default\">\n\t\t\t\t<div class=\"elementor-widget-container\">\n\t\t\t\t\t<div class=\"elementor-spacer\">\n\t\t\t<div class=\"elementor-spacer-inner\"><\/div>\n\t\t<\/div>\n\t\t\t\t<\/div>\n\t\t\t\t<\/div>\n\t\t\t\t\t<\/div>\n\t\t\t\t<\/div>\n\t\t\t\t\t\t\t<\/div>\n\t\t","protected":false},"excerpt":{"rendered":"<p>\u00dcber Karin Briggen Die abgeschlossene G\u00e4rtnerausbildung war Grundlage f\u00fcr meinen weiteren Werdegang. W\u00e4hrend meiner Zeit im Engadin arbeitete ich im Sommer als G\u00e4rtnerin und im Winter als Langlauflehrerin. Das Langlauftraining f\u00fcr Wettk\u00e4mpfe machte mir grosse Freude. In der Ausbildung zur Diplomierten Physiotherapeutin lernte ich die&#8230;<\/p>\n","protected":false},"author":2,"featured_media":0,"parent":0,"menu_order":0,"comment_status":"closed","ping_status":"closed","template":"full_width.php","meta":{"footnotes":""},"class_list":["post-2191","page","type-page","status-publish","hentry"],"_links":{"self":[{"href":"https:\/\/bewegt-physio.ch\/index.php\/wp-json\/wp\/v2\/pages\/2191","targetHints":{"allow":["GET"]}}],"collection":[{"href":"https:\/\/bewegt-physio.ch\/index.php\/wp-json\/wp\/v2\/pages"}],"about":[{"href":"https:\/\/bewegt-physio.ch\/index.php\/wp-json\/wp\/v2\/types\/page"}],"author":[{"embeddable":true,"href":"https:\/\/bewegt-physio.ch\/index.php\/wp-json\/wp\/v2\/users\/2"}],"replies":[{"embeddable":true,"href":"https:\/\/bewegt-physio.ch\/index.php\/wp-json\/wp\/v2\/comments?post=2191"}],"version-history":[{"count":31,"href":"https:\/\/bewegt-physio.ch\/index.php\/wp-json\/wp\/v2\/pages\/2191\/revisions"}],"predecessor-version":[{"id":2655,"href":"https:\/\/bewegt-physio.ch\/index.php\/wp-json\/wp\/v2\/pages\/2191\/revisions\/2655"}],"wp:attachment":[{"href":"https:\/\/bewegt-physio.ch\/index.php\/wp-json\/wp\/v2\/media?parent=2191"}],"curies":[{"name":"wp","href":"https:\/\/api.w.org\/{rel}","templated":true}]}}