{"id":15,"date":"2023-11-01T19:17:42","date_gmt":"2023-11-01T19:17:42","guid":{"rendered":"https:\/\/physio-briggen.ch\/neu\/?page_id=15"},"modified":"2023-12-21T10:47:50","modified_gmt":"2023-12-21T10:47:50","slug":"kontakt","status":"publish","type":"page","link":"https:\/\/bewegt-physio.ch\/index.php\/kontakt\/","title":{"rendered":"Kontakt"},"content":{"rendered":"\t\t<div data-elementor-type=\"wp-page\" data-elementor-id=\"15\" class=\"elementor elementor-15\" data-elementor-post-type=\"page\">\n\t\t\t\t\t\t\t<div class=\"elementor-element elementor-element-6fe24ee e-con-full e-flex e-con e-parent\" data-id=\"6fe24ee\" data-element_type=\"container\" data-settings=\"{&quot;content_width&quot;:&quot;full&quot;}\" data-core-v316-plus=\"true\">\n\t\t\t\t<div class=\"elementor-element elementor-element-0731359 elementor-widget__width-initial elementor-widget elementor-widget-text-editor\" data-id=\"0731359\" data-element_type=\"widget\" data-widget_type=\"text-editor.default\">\n\t\t\t\t<div class=\"elementor-widget-container\">\n\t\t\t<style>\/*! elementor - v3.18.0 - 20-12-2023 *\/\n.elementor-widget-text-editor.elementor-drop-cap-view-stacked .elementor-drop-cap{background-color:#69727d;color:#fff}.elementor-widget-text-editor.elementor-drop-cap-view-framed .elementor-drop-cap{color:#69727d;border:3px solid;background-color:transparent}.elementor-widget-text-editor:not(.elementor-drop-cap-view-default) .elementor-drop-cap{margin-top:8px}.elementor-widget-text-editor:not(.elementor-drop-cap-view-default) .elementor-drop-cap-letter{width:1em;height:1em}.elementor-widget-text-editor .elementor-drop-cap{float:left;text-align:center;line-height:1;font-size:50px}.elementor-widget-text-editor .elementor-drop-cap-letter{display:inline-block}<\/style>\t\t\t\t<h2>Kontakt<\/h2>\t\t\t\t\t\t<\/div>\n\t\t\t\t<\/div>\n\t\t\t\t<\/div>\n\t\t<div class=\"elementor-element elementor-element-1c7ce4e e-flex e-con-boxed e-con e-parent\" data-id=\"1c7ce4e\" data-element_type=\"container\" data-settings=\"{&quot;content_width&quot;:&quot;boxed&quot;}\" data-core-v316-plus=\"true\">\n\t\t\t\t\t<div class=\"e-con-inner\">\n\t\t\t\t<div class=\"elementor-element elementor-element-fc35b46 elementor-widget elementor-widget-google_maps\" data-id=\"fc35b46\" data-element_type=\"widget\" data-widget_type=\"google_maps.default\">\n\t\t\t\t<div class=\"elementor-widget-container\">\n\t\t\t<style>\/*! elementor - v3.18.0 - 20-12-2023 *\/\n.elementor-widget-google_maps .elementor-widget-container{overflow:hidden}.elementor-widget-google_maps .elementor-custom-embed{line-height:0}.elementor-widget-google_maps iframe{height:300px}<\/style>\t\t<div class=\"elementor-custom-embed\">\n\t\t\t<iframe loading=\"lazy\"\n\t\t\t\t\tsrc=\"https:\/\/maps.google.com\/maps?q=Stationsstrasse%2016%2C%203671%20Brenzikofen&#038;t=m&#038;z=15&#038;output=embed&#038;iwloc=near\"\n\t\t\t\t\ttitle=\"Stationsstrasse 16, 3671 Brenzikofen\"\n\t\t\t\t\taria-label=\"Stationsstrasse 16, 3671 Brenzikofen\"\n\t\t\t><\/iframe>\n\t\t<\/div>\n\t\t\t\t<\/div>\n\t\t\t\t<\/div>\n\t\t\t\t\t<\/div>\n\t\t\t\t<\/div>\n\t\t<div class=\"elementor-element elementor-element-3366c46 e-flex e-con-boxed e-con e-parent\" data-id=\"3366c46\" data-element_type=\"container\" data-settings=\"{&quot;content_width&quot;:&quot;boxed&quot;}\" data-core-v316-plus=\"true\">\n\t\t\t\t\t<div class=\"e-con-inner\">\n\t\t\t\t<div class=\"elementor-element elementor-element-14defef elementor-widget elementor-widget-spacer\" data-id=\"14defef\" data-element_type=\"widget\" data-widget_type=\"spacer.default\">\n\t\t\t\t<div class=\"elementor-widget-container\">\n\t\t\t<style>\/*! elementor - v3.18.0 - 20-12-2023 *\/\n.elementor-column .elementor-spacer-inner{height:var(--spacer-size)}.e-con{--container-widget-width:100%}.e-con-inner>.elementor-widget-spacer,.e-con>.elementor-widget-spacer{width:var(--container-widget-width,var(--spacer-size));--align-self:var(--container-widget-align-self,initial);--flex-shrink:0}.e-con-inner>.elementor-widget-spacer>.elementor-widget-container,.e-con>.elementor-widget-spacer>.elementor-widget-container{height:100%;width:100%}.e-con-inner>.elementor-widget-spacer>.elementor-widget-container>.elementor-spacer,.e-con>.elementor-widget-spacer>.elementor-widget-container>.elementor-spacer{height:100%}.e-con-inner>.elementor-widget-spacer>.elementor-widget-container>.elementor-spacer>.elementor-spacer-inner,.e-con>.elementor-widget-spacer>.elementor-widget-container>.elementor-spacer>.elementor-spacer-inner{height:var(--container-widget-height,var(--spacer-size))}.e-con-inner>.elementor-widget-spacer.elementor-widget-empty,.e-con>.elementor-widget-spacer.elementor-widget-empty{position:relative;min-height:22px;min-width:22px}.e-con-inner>.elementor-widget-spacer.elementor-widget-empty .elementor-widget-empty-icon,.e-con>.elementor-widget-spacer.elementor-widget-empty .elementor-widget-empty-icon{position:absolute;top:0;bottom:0;left:0;right:0;margin:auto;padding:0;width:22px;height:22px}<\/style>\t\t<div class=\"elementor-spacer\">\n\t\t\t<div class=\"elementor-spacer-inner\"><\/div>\n\t\t<\/div>\n\t\t\t\t<\/div>\n\t\t\t\t<\/div>\n\t\t\t\t\t<\/div>\n\t\t\t\t<\/div>\n\t\t<div class=\"elementor-element elementor-element-aaf8e3d e-flex e-con-boxed e-con e-parent\" data-id=\"aaf8e3d\" data-element_type=\"container\" data-settings=\"{&quot;content_width&quot;:&quot;boxed&quot;}\" data-core-v316-plus=\"true\">\n\t\t\t\t\t<div class=\"e-con-inner\">\n\t\t<div class=\"elementor-element elementor-element-04be4df e-con-full e-flex e-con e-child\" data-id=\"04be4df\" data-element_type=\"container\" data-settings=\"{&quot;content_width&quot;:&quot;full&quot;}\">\n\t\t\t\t<div class=\"elementor-element elementor-element-076bb20 elementor-widget elementor-widget-text-editor\" data-id=\"076bb20\" data-element_type=\"widget\" data-widget_type=\"text-editor.default\">\n\t\t\t\t<div class=\"elementor-widget-container\">\n\t\t\t\t\t\t\t<p><b>beWEGt physio GmbH<br \/><\/b>Karin Briggen, dipl. Physiotherapeutin<br \/>Stationsstrasse 16<br \/>3671 Brenzikofen<br \/><a href=\"mailto:praxis@bewegt-physio.ch\">praxis@bewegt-physio.ch<\/a><br \/>Telefon 031 771 34 10<\/p>\t\t\t\t\t\t<\/div>\n\t\t\t\t<\/div>\n\t\t\t\t<\/div>\n\t\t<div class=\"elementor-element elementor-element-bfa6dc2 e-con-full e-flex e-con e-child\" data-id=\"bfa6dc2\" data-element_type=\"container\" data-settings=\"{&quot;content_width&quot;:&quot;full&quot;}\">\n\t\t\t\t<div class=\"elementor-element elementor-element-bfada80 elementor-widget elementor-widget-text-editor\" data-id=\"bfada80\" data-element_type=\"widget\" data-widget_type=\"text-editor.default\">\n\t\t\t\t<div class=\"elementor-widget-container\">\n\t\t\t\t\t\t\t<p><b>Anreise<\/b><\/p><p>Mit dem Auto: Vor der Praxis stehen Gratisparkpl\u00e4tze zur Verf\u00fcgung.<\/p><p>Mit dem \u00d6V: Bahnhof Brenzikofen (Halt auf Verlangen), 3 Gehminuten von der Praxis entfernt.<\/p><p>Die Praxis ist rollstuhlg\u00e4ngig.<\/p>\t\t\t\t\t\t<\/div>\n\t\t\t\t<\/div>\n\t\t\t\t<\/div>\n\t\t\t\t\t<\/div>\n\t\t\t\t<\/div>\n\t\t<div class=\"elementor-element elementor-element-0501bfc e-flex e-con-boxed e-con e-parent\" data-id=\"0501bfc\" data-element_type=\"container\" data-settings=\"{&quot;content_width&quot;:&quot;boxed&quot;}\" data-core-v316-plus=\"true\">\n\t\t\t\t\t<div class=\"e-con-inner\">\n\t\t\t\t<div class=\"elementor-element elementor-element-5c6d694 elementor-widget elementor-widget-spacer\" data-id=\"5c6d694\" data-element_type=\"widget\" data-widget_type=\"spacer.default\">\n\t\t\t\t<div class=\"elementor-widget-container\">\n\t\t\t\t\t<div class=\"elementor-spacer\">\n\t\t\t<div class=\"elementor-spacer-inner\"><\/div>\n\t\t<\/div>\n\t\t\t\t<\/div>\n\t\t\t\t<\/div>\n\t\t\t\t\t<\/div>\n\t\t\t\t<\/div>\n\t\t<div class=\"elementor-element elementor-element-da46582 e-flex e-con-boxed e-con e-parent\" data-id=\"da46582\" data-element_type=\"container\" data-settings=\"{&quot;content_width&quot;:&quot;boxed&quot;}\" data-core-v316-plus=\"true\">\n\t\t\t\t\t<div class=\"e-con-inner\">\n\t\t<div class=\"elementor-element elementor-element-c9dc1f0 e-con-full e-flex e-con e-child\" data-id=\"c9dc1f0\" data-element_type=\"container\" data-settings=\"{&quot;content_width&quot;:&quot;full&quot;}\">\n\t\t\t\t<div class=\"elementor-element elementor-element-d82cf9c elementor-widget elementor-widget-spacer\" data-id=\"d82cf9c\" data-element_type=\"widget\" data-widget_type=\"spacer.default\">\n\t\t\t\t<div class=\"elementor-widget-container\">\n\t\t\t\t\t<div class=\"elementor-spacer\">\n\t\t\t<div class=\"elementor-spacer-inner\"><\/div>\n\t\t<\/div>\n\t\t\t\t<\/div>\n\t\t\t\t<\/div>\n\t\t\t\t<div class=\"elementor-element elementor-element-1fd9833 elementor-widget elementor-widget-heading\" data-id=\"1fd9833\" data-element_type=\"widget\" data-widget_type=\"heading.default\">\n\t\t\t\t<div class=\"elementor-widget-container\">\n\t\t\t<style>\/*! elementor - v3.18.0 - 20-12-2023 *\/\n.elementor-heading-title{padding:0;margin:0;line-height:1}.elementor-widget-heading .elementor-heading-title[class*=elementor-size-]>a{color:inherit;font-size:inherit;line-height:inherit}.elementor-widget-heading .elementor-heading-title.elementor-size-small{font-size:15px}.elementor-widget-heading .elementor-heading-title.elementor-size-medium{font-size:19px}.elementor-widget-heading .elementor-heading-title.elementor-size-large{font-size:29px}.elementor-widget-heading .elementor-heading-title.elementor-size-xl{font-size:39px}.elementor-widget-heading .elementor-heading-title.elementor-size-xxl{font-size:59px}<\/style><h3 class=\"elementor-heading-title elementor-size-default\">Buchen Sie bei uns einen Termin. <\/h3>\t\t<\/div>\n\t\t\t\t<\/div>\n\t\t\t\t<div class=\"elementor-element elementor-element-92e7844 elementor-widget elementor-widget-heading\" data-id=\"92e7844\" data-element_type=\"widget\" data-widget_type=\"heading.default\">\n\t\t\t\t<div class=\"elementor-widget-container\">\n\t\t\t<p class=\"elementor-heading-title elementor-size-default\">Wir freuen uns auf Sie.<\/p>\t\t<\/div>\n\t\t\t\t<\/div>\n\t\t\t\t<\/div>\n\t\t<div class=\"elementor-element elementor-element-ece6dbe e-con-full e-flex e-con e-child\" data-id=\"ece6dbe\" data-element_type=\"container\" data-settings=\"{&quot;content_width&quot;:&quot;full&quot;}\">\n\t\t\t\t<div class=\"elementor-element elementor-element-f858cc2 elementor-widget elementor-widget-qi_addons_for_elementor_parallax_images\" data-id=\"f858cc2\" data-element_type=\"widget\" data-widget_type=\"qi_addons_for_elementor_parallax_images.default\">\n\t\t\t\t<div class=\"elementor-widget-container\">\n\t\t\t<div class=\"qodef-shortcode qodef-m  qodef-qi-parallax-images qodef-layout--default\">\n\t<div class=\"qodef-m-images\">\n\t\t<div class=\"qodef-e-main-image-holder\">\n\t\t\t<div class=\"qodef-e-main-image-zoom-holder\">\n\t\t\t\t\t\t\t\t\t<div class=\"qodef-e-main-image\" >\n\t\t\t\t\t\t<img fetchpriority=\"high\" decoding=\"async\" width=\"1300\" height=\"650\" src=\"https:\/\/bewegt-physio.ch\/wp-content\/uploads\/2023\/12\/2022_03_17_leberblume_0025-1300x650.jpg\" class=\"attachment-qi_addons_for_elementor_image_size_landscape size-qi_addons_for_elementor_image_size_landscape\" alt=\"\" srcset=\"https:\/\/bewegt-physio.ch\/wp-content\/uploads\/2023\/12\/2022_03_17_leberblume_0025-1300x650.jpg 1300w, https:\/\/bewegt-physio.ch\/wp-content\/uploads\/2023\/12\/2022_03_17_leberblume_0025-300x150.jpg 300w, https:\/\/bewegt-physio.ch\/wp-content\/uploads\/2023\/12\/2022_03_17_leberblume_0025-1024x512.jpg 1024w, https:\/\/bewegt-physio.ch\/wp-content\/uploads\/2023\/12\/2022_03_17_leberblume_0025-768x384.jpg 768w, https:\/\/bewegt-physio.ch\/wp-content\/uploads\/2023\/12\/2022_03_17_leberblume_0025-1000x500.jpg 1000w, https:\/\/bewegt-physio.ch\/wp-content\/uploads\/2023\/12\/2022_03_17_leberblume_0025-700x350.jpg 700w, https:\/\/bewegt-physio.ch\/wp-content\/uploads\/2023\/12\/2022_03_17_leberblume_0025-1100x550.jpg 1100w, https:\/\/bewegt-physio.ch\/wp-content\/uploads\/2023\/12\/2022_03_17_leberblume_0025.jpg 1400w\" sizes=\"(max-width: 1300px) 100vw, 1300px\" \/>\t\t\t\t\t<\/div>\n\t\t\t\t\t\t\t<\/div>\n\t\t<\/div>\n\t\t\t\t\t\t\t\t\t\t\t\t\t<div class=\"qodef-e-parallax-image qodef-position--top-left elementor-repeater-item-3fbbce8\" >\n\t\t\t\t\t<img decoding=\"async\" width=\"296\" height=\"300\" src=\"https:\/\/bewegt-physio.ch\/wp-content\/uploads\/2023\/11\/b_bewegt_physio_RGB-296x300.png\" class=\"attachment-medium size-medium\" alt=\"\" srcset=\"https:\/\/bewegt-physio.ch\/wp-content\/uploads\/2023\/11\/b_bewegt_physio_RGB-296x300.png 296w, https:\/\/bewegt-physio.ch\/wp-content\/uploads\/2023\/11\/b_bewegt_physio_RGB-768x777.png 768w, https:\/\/bewegt-physio.ch\/wp-content\/uploads\/2023\/11\/b_bewegt_physio_RGB-700x708.png 700w, https:\/\/bewegt-physio.ch\/wp-content\/uploads\/2023\/11\/b_bewegt_physio_RGB.png 1000w\" sizes=\"(max-width: 296px) 100vw, 296px\" \/>\t\t\t\t<\/div>\n\t\t\t\t\t\t<\/div>\n<\/div>\n\t\t<\/div>\n\t\t\t\t<\/div>\n\t\t\t\t<\/div>\n\t\t\t\t\t<\/div>\n\t\t\t\t<\/div>\n\t\t<div class=\"elementor-element elementor-element-11819b2 e-flex e-con-boxed e-con e-parent\" data-id=\"11819b2\" data-element_type=\"container\" data-settings=\"{&quot;content_width&quot;:&quot;boxed&quot;}\" data-core-v316-plus=\"true\">\n\t\t\t\t\t<div class=\"e-con-inner\">\n\t\t\t\t<div class=\"elementor-element elementor-element-8f6105a elementor-widget elementor-widget-spacer\" data-id=\"8f6105a\" data-element_type=\"widget\" data-widget_type=\"spacer.default\">\n\t\t\t\t<div class=\"elementor-widget-container\">\n\t\t\t\t\t<div class=\"elementor-spacer\">\n\t\t\t<div class=\"elementor-spacer-inner\"><\/div>\n\t\t<\/div>\n\t\t\t\t<\/div>\n\t\t\t\t<\/div>\n\t\t\t\t\t<\/div>\n\t\t\t\t<\/div>\n\t\t\t\t\t\t\t<\/div>\n\t\t","protected":false},"excerpt":{"rendered":"<p>Kontakt beWEGt physio GmbHKarin Briggen, dipl. PhysiotherapeutinStationsstrasse 163671 Brenzikofenpraxis@bewegt-physio.chTelefon 031 771 34 10 Anreise Mit dem Auto: Vor der Praxis stehen Gratisparkpl\u00e4tze zur Verf\u00fcgung. Mit dem \u00d6V: Bahnhof Brenzikofen (Halt auf Verlangen), 3 Gehminuten von der Praxis entfernt. Die Praxis ist rollstuhlg\u00e4ngig. Buchen Sie bei&#8230;<\/p>\n","protected":false},"author":1,"featured_media":0,"parent":0,"menu_order":0,"comment_status":"closed","ping_status":"closed","template":"full_width.php","meta":{"footnotes":""},"class_list":["post-15","page","type-page","status-publish","hentry"],"_links":{"self":[{"href":"https:\/\/bewegt-physio.ch\/index.php\/wp-json\/wp\/v2\/pages\/15","targetHints":{"allow":["GET"]}}],"collection":[{"href":"https:\/\/bewegt-physio.ch\/index.php\/wp-json\/wp\/v2\/pages"}],"about":[{"href":"https:\/\/bewegt-physio.ch\/index.php\/wp-json\/wp\/v2\/types\/page"}],"author":[{"embeddable":true,"href":"https:\/\/bewegt-physio.ch\/index.php\/wp-json\/wp\/v2\/users\/1"}],"replies":[{"embeddable":true,"href":"https:\/\/bewegt-physio.ch\/index.php\/wp-json\/wp\/v2\/comments?post=15"}],"version-history":[{"count":58,"href":"https:\/\/bewegt-physio.ch\/index.php\/wp-json\/wp\/v2\/pages\/15\/revisions"}],"predecessor-version":[{"id":2611,"href":"https:\/\/bewegt-physio.ch\/index.php\/wp-json\/wp\/v2\/pages\/15\/revisions\/2611"}],"wp:attachment":[{"href":"https:\/\/bewegt-physio.ch\/index.php\/wp-json\/wp\/v2\/media?parent=15"}],"curies":[{"name":"wp","href":"https:\/\/api.w.org\/{rel}","templated":true}]}}